{"id":420,"date":"2019-06-08T16:47:53","date_gmt":"2019-06-08T16:47:53","guid":{"rendered":"http:\/\/ziegelbuben.de\/?page_id=420"},"modified":"2019-06-08T18:36:06","modified_gmt":"2019-06-08T18:36:06","slug":"baumsteller","status":"publish","type":"page","link":"https:\/\/ziegelbuben.de\/?page_id=420","title":{"rendered":"Baumsteller"},"content":{"rendered":"\n<h4 class=\"wp-block-heading\">Hintergrund und Geschichte allgemein<\/h4>\n\n\n\n<p class=\"has-text-color has-very-dark-gray-color\">Der Narrenbaum als Symbol der Fastnacht. Heute dient der Narrenbaum w\u00e4hrend der Fastnacht als sichtbares Symbol f\u00fcr die Herrschaft der Narren im Ort. \u00dcber den Ursprung des Narrenbaum stellen\u2018s gibt es Unterschiedliche Ans\u00e4tze.<\/p>\n\n\n\n<p class=\"has-text-color has-very-dark-gray-color\">Laut Dr.\nMezger ist der Narrenbaum vielleicht auf Grundlage des&nbsp; \u201eBlockziehen\u201c entstanden. Bei einem Spottumzug\nmussten die unverheirateten M\u00e4dchen und alten Jungfern einen Baumstamm durch\ndie Stra\u00dfen ziehen. \u201eAus diesem sich vielleicht ein Mann f\u00fcr sie schnitzen\nlie\u00dfe\u201c, so erkl\u00e4rt Dr. Metzger die Symbolik des Baumstammes!<\/p>\n\n\n\n<p class=\"has-text-color has-very-dark-gray-color\">Die zweite Theorie basiert auf einen Fasnachtstanz, wo anl\u00e4sslich der bevorstehenden Fastenzeit kleine geschm\u00fcckte B\u00e4umchen mit sich getragen wurden. Beide Br\u00e4uche gehen aus Aufzeichnungen des 15 Jahrhunderts hervor.<\/p>\n\n\n\n<h4 class=\"wp-block-heading\">Das Narrenbaumteam<\/h4>\n\n\n\n<p class=\"has-text-color has-very-dark-gray-color\">Das Narrenbaumteam der Ziegel-Buben stellt seit dem Jahr 2000 Narrenb\u00e4ume. Angefangen hat alles mit dem Kindernarrenbaum den die Ziegel-Buben traditionell vor ihrem Kinderumzug am \u201eSchmotzige\u201c stellen. <\/p>\n\n\n\n<figure class=\"wp-block-image\"><img loading=\"lazy\" decoding=\"async\" width=\"1024\" height=\"768\" src=\"http:\/\/ziegelbuben.de\/wp-content\/uploads\/2019\/06\/KinderBaum-1024x768.jpg\" alt=\"\" class=\"wp-image-423\" srcset=\"https:\/\/ziegelbuben.de\/wp-content\/uploads\/2019\/06\/KinderBaum-1024x768.jpg 1024w, https:\/\/ziegelbuben.de\/wp-content\/uploads\/2019\/06\/KinderBaum-300x225.jpg 300w, https:\/\/ziegelbuben.de\/wp-content\/uploads\/2019\/06\/KinderBaum-768x576.jpg 768w, https:\/\/ziegelbuben.de\/wp-content\/uploads\/2019\/06\/KinderBaum-1200x900.jpg 1200w\" sizes=\"auto, (max-width: 1024px) 100vw, 1024px\" \/><\/figure>\n\n\n\n<p class=\"has-text-color has-very-dark-gray-color\">Der Narrenbaum wird dann am ersten Freitag nach der Fasnet f\u00fcr einen guten Zweck versteigert. Der erzielte Preis wird zu 100 % gespendet. Alle Teilnehmenden Institutionen ob Schulen oder Kinderg\u00e4rten nehmen an der Verlosung des Versteigerungserl\u00f6ses teil. <\/p>\n\n\n\n<figure class=\"wp-block-image\"><img loading=\"lazy\" decoding=\"async\" width=\"1024\" height=\"683\" src=\"http:\/\/ziegelbuben.de\/wp-content\/uploads\/2019\/06\/VersteigerungStefan-1024x683.jpg\" alt=\"\" class=\"wp-image-422\" srcset=\"https:\/\/ziegelbuben.de\/wp-content\/uploads\/2019\/06\/VersteigerungStefan-1024x683.jpg 1024w, https:\/\/ziegelbuben.de\/wp-content\/uploads\/2019\/06\/VersteigerungStefan-300x200.jpg 300w, https:\/\/ziegelbuben.de\/wp-content\/uploads\/2019\/06\/VersteigerungStefan-768x512.jpg 768w, https:\/\/ziegelbuben.de\/wp-content\/uploads\/2019\/06\/VersteigerungStefan-1200x800.jpg 1200w\" sizes=\"auto, (max-width: 1024px) 100vw, 1024px\" \/><\/figure>\n\n\n\n<p class=\"has-text-color has-very-dark-gray-color\">Seit nunmehr 10\u00a0 Jahren wird der Gockelbaum unserer Narrenfreunde aus dem Villinger Ortsteil Zollhaus am 6.1 vor Sonnenaufgang gestellt.<\/p>\n\n\n\n<figure class=\"wp-block-image\"><img loading=\"lazy\" decoding=\"async\" width=\"1024\" height=\"683\" src=\"http:\/\/ziegelbuben.de\/wp-content\/uploads\/2019\/06\/Gockel2019-1024x683.jpg\" alt=\"\" class=\"wp-image-421\" srcset=\"https:\/\/ziegelbuben.de\/wp-content\/uploads\/2019\/06\/Gockel2019-1024x683.jpg 1024w, https:\/\/ziegelbuben.de\/wp-content\/uploads\/2019\/06\/Gockel2019-300x200.jpg 300w, https:\/\/ziegelbuben.de\/wp-content\/uploads\/2019\/06\/Gockel2019-768x512.jpg 768w, https:\/\/ziegelbuben.de\/wp-content\/uploads\/2019\/06\/Gockel2019-1200x800.jpg 1200w\" sizes=\"auto, (max-width: 1024px) 100vw, 1024px\" \/><\/figure>\n\n\n\n<p class=\"has-text-color has-very-dark-gray-color\">Die Ziegel-Buben stellen mittlerweile auch Maib\u00e4ume in allen Gr\u00f6\u00dfen, diese k\u00f6nnen dann schon bis zu 24 Meter hoch sein. Als Werkzeuge dienen sogenannte Stellstangen, die ebenfalls bis zu 12 Meter lang sein k\u00f6nnen. Bei h\u00f6heren B\u00e4umen werden zudem die Spie\u00dfstangen ben\u00f6tigt, eine Art Einf\u00e4delhilfe f\u00fcr die langen Stellstangen. Alle Werkzeuge stammen aus eigener Herstellung.<\/p>\n","protected":false},"excerpt":{"rendered":"<p>Hintergrund und Geschichte allgemein Der Narrenbaum als Symbol der Fastnacht. Heute dient der Narrenbaum w\u00e4hrend der Fastnacht als sichtbares Symbol f\u00fcr die Herrschaft der Narren im Ort. \u00dcber den Ursprung des Narrenbaum stellen\u2018s gibt es Unterschiedliche Ans\u00e4tze. Laut Dr. Mezger &hellip; <a href=\"https:\/\/ziegelbuben.de\/?page_id=420\">Weiterlesen <span class=\"meta-nav\">&rarr;<\/span><\/a><\/p>\n","protected":false},"author":1,"featured_media":0,"parent":0,"menu_order":0,"comment_status":"closed","ping_status":"closed","template":"","meta":{"ngg_post_thumbnail":0,"footnotes":""},"class_list":["post-420","page","type-page","status-publish","hentry"],"_links":{"self":[{"href":"https:\/\/ziegelbuben.de\/index.php?rest_route=\/wp\/v2\/pages\/420","targetHints":{"allow":["GET"]}}],"collection":[{"href":"https:\/\/ziegelbuben.de\/index.php?rest_route=\/wp\/v2\/pages"}],"about":[{"href":"https:\/\/ziegelbuben.de\/index.php?rest_route=\/wp\/v2\/types\/page"}],"author":[{"embeddable":true,"href":"https:\/\/ziegelbuben.de\/index.php?rest_route=\/wp\/v2\/users\/1"}],"replies":[{"embeddable":true,"href":"https:\/\/ziegelbuben.de\/index.php?rest_route=%2Fwp%2Fv2%2Fcomments&post=420"}],"version-history":[{"count":5,"href":"https:\/\/ziegelbuben.de\/index.php?rest_route=\/wp\/v2\/pages\/420\/revisions"}],"predecessor-version":[{"id":429,"href":"https:\/\/ziegelbuben.de\/index.php?rest_route=\/wp\/v2\/pages\/420\/revisions\/429"}],"wp:attachment":[{"href":"https:\/\/ziegelbuben.de\/index.php?rest_route=%2Fwp%2Fv2%2Fmedia&parent=420"}],"curies":[{"name":"wp","href":"https:\/\/api.w.org\/{rel}","templated":true}]}}