{"id":129,"date":"2017-10-14T09:19:29","date_gmt":"2017-10-14T09:19:29","guid":{"rendered":"http:\/\/ziegelbuben.de\/?page_id=129"},"modified":"2017-10-18T17:55:07","modified_gmt":"2017-10-18T17:55:07","slug":"geschichte","status":"publish","type":"page","link":"https:\/\/ziegelbuben.de\/?page_id=129","title":{"rendered":"Geschichte"},"content":{"rendered":"<p><strong>Entstehung der Ziegel-Buben Schwenningen e.V.<br \/>\n<\/strong><br \/>\n<span style=\"color: #000000;\">Die Schwenninger Ziegel-Buben wurden im Herbst 1985 als Erinnerung an die damaligen drei Ziegelwerke gegr\u00fcndet. Die dritte Ziegelei an der Salinenstra\u00dfe wurde um 1907 erbaut. \u00dcber die Ziegelei M\u00fchlacker GmbH, die im Gr\u00fcndungsjahr 1985 abgerissen wurde, kann man berichten, da\u00df die Hauptbelegschaft in den Anfangsjahren aus jungen Gastarbeitern bestand. Diese zogen die Lehmw\u00e4gen und holten die gebrannten Ziegel aus den \u00d6fen. Sie integrierten sich nicht in die hiesige Gesellschaft und waren deshalb auch nicht sehr beliebt bei den Schwenningern.<\/span><\/p>\n<p><span style=\"color: #000000;\">Als Erinnerung an die drei Ziegelwerke von Schwenningen, die heute schon Geschichte sind, wurden die Ziegel-Buben gegr\u00fcndet.<\/span><\/p>\n","protected":false},"excerpt":{"rendered":"<p>Entstehung der Ziegel-Buben Schwenningen e.V. Die Schwenninger Ziegel-Buben wurden im Herbst 1985 als Erinnerung an die damaligen drei Ziegelwerke gegr\u00fcndet. Die dritte Ziegelei an der Salinenstra\u00dfe wurde um 1907 erbaut. \u00dcber die Ziegelei M\u00fchlacker GmbH, die im Gr\u00fcndungsjahr 1985 abgerissen &hellip; <a href=\"https:\/\/ziegelbuben.de\/?page_id=129\">Weiterlesen <span class=\"meta-nav\">&rarr;<\/span><\/a><\/p>\n","protected":false},"author":1,"featured_media":147,"parent":0,"menu_order":0,"comment_status":"closed","ping_status":"closed","template":"","meta":{"ngg_post_thumbnail":0,"footnotes":""},"class_list":["post-129","page","type-page","status-publish","has-post-thumbnail","hentry"],"_links":{"self":[{"href":"https:\/\/ziegelbuben.de\/index.php?rest_route=\/wp\/v2\/pages\/129","targetHints":{"allow":["GET"]}}],"collection":[{"href":"https:\/\/ziegelbuben.de\/index.php?rest_route=\/wp\/v2\/pages"}],"about":[{"href":"https:\/\/ziegelbuben.de\/index.php?rest_route=\/wp\/v2\/types\/page"}],"author":[{"embeddable":true,"href":"https:\/\/ziegelbuben.de\/index.php?rest_route=\/wp\/v2\/users\/1"}],"replies":[{"embeddable":true,"href":"https:\/\/ziegelbuben.de\/index.php?rest_route=%2Fwp%2Fv2%2Fcomments&post=129"}],"version-history":[{"count":4,"href":"https:\/\/ziegelbuben.de\/index.php?rest_route=\/wp\/v2\/pages\/129\/revisions"}],"predecessor-version":[{"id":144,"href":"https:\/\/ziegelbuben.de\/index.php?rest_route=\/wp\/v2\/pages\/129\/revisions\/144"}],"wp:featuredmedia":[{"embeddable":true,"href":"https:\/\/ziegelbuben.de\/index.php?rest_route=\/wp\/v2\/media\/147"}],"wp:attachment":[{"href":"https:\/\/ziegelbuben.de\/index.php?rest_route=%2Fwp%2Fv2%2Fmedia&parent=129"}],"curies":[{"name":"wp","href":"https:\/\/api.w.org\/{rel}","templated":true}]}}